{"id":1639,"date":"2023-01-11T21:25:58","date_gmt":"2023-01-11T21:25:58","guid":{"rendered":"https:\/\/darzelda.net\/room-suites\/"},"modified":"2023-06-20T11:08:43","modified_gmt":"2023-06-20T11:08:43","slug":"room-suites","status":"publish","type":"page","link":"https:\/\/darzelda.net\/fr\/room-suites\/","title":{"rendered":"Chambres &amp; Suites"},"content":{"rendered":"\t\t<div data-elementor-type=\"wp-page\" data-elementor-id=\"1639\" class=\"elementor elementor-1639 elementor-210\" data-elementor-post-type=\"page\">\n\t\t\t\t\t\t<section class=\"elementor-section elementor-top-section elementor-element elementor-element-2460afd0 elementor-section-full_width elementor-section-height-default elementor-section-height-default\" data-id=\"2460afd0\" data-element_type=\"section\">\n\t\t\t\t\t\t<div class=\"elementor-container elementor-column-gap-default\">\n\t\t\t\t\t<div class=\"elementor-column elementor-col-100 elementor-top-column elementor-element elementor-element-64b7b9d9\" data-id=\"64b7b9d9\" data-element_type=\"column\">\n\t\t\t<div class=\"elementor-widget-wrap elementor-element-populated\">\n\t\t\t\t\t\t<div class=\"elementor-element elementor-element-4251e2cc elementor-widget elementor-widget-heading\" data-id=\"4251e2cc\" data-element_type=\"widget\" data-widget_type=\"heading.default\">\n\t\t\t\t<div class=\"elementor-widget-container\">\n\t\t\t<h4 class=\"elementor-heading-title elementor-size-default\">Pour un sommeil r\u00e9parateur<\/h4>\t\t<\/div>\n\t\t\t\t<\/div>\n\t\t\t\t<div class=\"elementor-element elementor-element-147ec194 elementor-widget elementor-widget-heading\" data-id=\"147ec194\" data-element_type=\"widget\" data-widget_type=\"heading.default\">\n\t\t\t\t<div class=\"elementor-widget-container\">\n\t\t\t<h3 class=\"elementor-heading-title elementor-size-default\">DECOUVREZ NOS<br>\nCHAMBRES &amp; SUITES<\/h3>\t\t<\/div>\n\t\t\t\t<\/div>\n\t\t\t\t<div class=\"elementor-element elementor-element-6dde99a2 elementor-widget elementor-widget-text-editor\" data-id=\"6dde99a2\" data-element_type=\"widget\" data-widget_type=\"text-editor.default\">\n\t\t\t\t<div class=\"elementor-widget-container\">\n\t\t\t\t\t\t\t<p>Le Riad Dar Zelda est fier de pr\u00e9senter une gamme de neuf chambres et suites, chacune dot\u00e9e d\u2019un caract\u00e8re et d\u2019un style particuliers, et offrant toutes des vues sur le charmant patio principal du Riad. En choisissant la cat\u00e9gorie de chambre qui correspond le mieux \u00e0 vos d\u00e9sirs et \u00e0 vos besoins, pr\u00e9parez-vous \u00e0 \u00eatre captiv\u00e9 par l\u2019exp\u00e9rience exceptionnelle qui vous attend dans l\u2019envo\u00fbtante ville de Marrakech.<\/p>\t\t\t\t\t\t<\/div>\n\t\t\t\t<\/div>\n\t\t\t\t\t<\/div>\n\t\t<\/div>\n\t\t\t\t\t<\/div>\n\t\t<\/section>\n\t\t\t\t<section class=\"elementor-section elementor-top-section elementor-element elementor-element-5fee36d7 elementor-section-full_width elementor-section-height-default elementor-section-height-default\" data-id=\"5fee36d7\" data-element_type=\"section\">\n\t\t\t\t\t\t<div class=\"elementor-container elementor-column-gap-default\">\n\t\t\t\t\t<div class=\"elementor-column elementor-col-50 elementor-top-column elementor-element elementor-element-1130a533 elementor-hidden-mobile elementor-hidden-tablet\" data-id=\"1130a533\" data-element_type=\"column\">\n\t\t\t<div class=\"elementor-widget-wrap elementor-element-populated\">\n\t\t\t\t\t\t<div class=\"elementor-element elementor-element-51da4df elementor-skin-carousel elementor-arrows-yes elementor-widget elementor-widget-media-carousel\" data-id=\"51da4df\" data-element_type=\"widget\" data-settings=\"{&quot;slides_per_view&quot;:&quot;2&quot;,&quot;slides_to_scroll&quot;:&quot;1&quot;,&quot;space_between&quot;:{&quot;unit&quot;:&quot;px&quot;,&quot;size&quot;:15,&quot;sizes&quot;:[]},&quot;skin&quot;:&quot;carousel&quot;,&quot;effect&quot;:&quot;slide&quot;,&quot;show_arrows&quot;:&quot;yes&quot;,&quot;speed&quot;:500,&quot;autoplay&quot;:&quot;yes&quot;,&quot;autoplay_speed&quot;:5000,&quot;loop&quot;:&quot;yes&quot;,&quot;pause_on_hover&quot;:&quot;yes&quot;,&quot;pause_on_interaction&quot;:&quot;yes&quot;,&quot;space_between_tablet&quot;:{&quot;unit&quot;:&quot;px&quot;,&quot;size&quot;:10,&quot;sizes&quot;:[]},&quot;space_between_mobile&quot;:{&quot;unit&quot;:&quot;px&quot;,&quot;size&quot;:10,&quot;sizes&quot;:[]}}\" data-widget_type=\"media-carousel.default\">\n\t\t\t\t<div class=\"elementor-widget-container\">\n\t\t\t\t\t<div class=\"elementor-swiper\">\n\t\t\t<div class=\"elementor-main-swiper swiper\">\n\t\t\t\t<div class=\"swiper-wrapper\">\n\t\t\t\t\t\t\t\t\t\t\t<div class=\"swiper-slide\">\n\t\t\t\t\t\t\t<a href=\"https:\/\/darzelda.net\/fr\/room-suites\/douiria-king-suite\/\">\t\t<div class=\"elementor-carousel-image\" role=\"img\" aria-label=\"Douiria King Suite\" style=\"background-image: url(&#039;https:\/\/darzelda.net\/wp-content\/uploads\/2023\/05\/1_3W7A8265.webp&#039;)\">\n\n\t\t\t\n\t\t\t\t\t<\/div>\n\t\t\t\t\t<div class=\"elementor-carousel-image-overlay e-overlay-animation-slide-up\">\n\t\t\t\tDouiria King Suite\t\t\t<\/div>\n\t\t\t<\/a>\t\t\t\t\t\t<\/div>\n\t\t\t\t\t\t\t\t\t\t\t<div class=\"swiper-slide\">\n\t\t\t\t\t\t\t<a href=\"https:\/\/darzelda.net\/fr\/room-suites\/kenzia-suite\/\">\t\t<div class=\"elementor-carousel-image\" role=\"img\" aria-label=\"Kenzia Suite\" style=\"background-image: url(&#039;https:\/\/darzelda.net\/wp-content\/uploads\/2023\/05\/1_3W7A8338.webp&#039;)\">\n\n\t\t\t\n\t\t\t\t\t<\/div>\n\t\t\t\t\t<div class=\"elementor-carousel-image-overlay e-overlay-animation-slide-up\">\n\t\t\t\tKenzia Suite\t\t\t<\/div>\n\t\t\t<\/a>\t\t\t\t\t\t<\/div>\n\t\t\t\t\t\t\t\t\t\t\t<div class=\"swiper-slide\">\n\t\t\t\t\t\t\t<a href=\"https:\/\/darzelda.net\/fr\/room-suites\/tataoui-suite\/\">\t\t<div class=\"elementor-carousel-image\" role=\"img\" aria-label=\"Tataoui Suite\" style=\"background-image: url(&#039;https:\/\/darzelda.net\/wp-content\/uploads\/2023\/05\/1_3W7A8297.webp&#039;)\">\n\n\t\t\t\n\t\t\t\t\t<\/div>\n\t\t\t\t\t<div class=\"elementor-carousel-image-overlay e-overlay-animation-slide-up\">\n\t\t\t\tTataoui Suite\t\t\t<\/div>\n\t\t\t<\/a>\t\t\t\t\t\t<\/div>\n\t\t\t\t\t\t\t\t\t\t\t<div class=\"swiper-slide\">\n\t\t\t\t\t\t\t<a href=\"https:\/\/darzelda.net\/fr\/room-suites\/patio-suite\/\">\t\t<div class=\"elementor-carousel-image\" role=\"img\" aria-label=\"Patio Suite\" style=\"background-image: url(&#039;https:\/\/darzelda.net\/wp-content\/uploads\/2023\/05\/1_3W7A8311.webp&#039;)\">\n\n\t\t\t\n\t\t\t\t\t<\/div>\n\t\t\t\t\t<div class=\"elementor-carousel-image-overlay e-overlay-animation-slide-up\">\n\t\t\t\tPatio Suite\t\t\t<\/div>\n\t\t\t<\/a>\t\t\t\t\t\t<\/div>\n\t\t\t\t\t\t\t\t\t<\/div>\n\t\t\t\t\t\t\t\t\t\t\t\t\t\t\t\t\t\t\t\t<div class=\"elementor-swiper-button elementor-swiper-button-prev\" role=\"button\" tabindex=\"0\">\n\t\t\t\t\t\t\t<i aria-hidden=\"true\" class=\"eicon-chevron-left\"><\/i>\t\t\t\t\t\t\t<span class=\"elementor-screen-only\">Pr\u00e9c\u00e9dent<\/span>\n\t\t\t\t\t\t<\/div>\n\t\t\t\t\t\t<div class=\"elementor-swiper-button elementor-swiper-button-next\" role=\"button\" tabindex=\"0\">\n\t\t\t\t\t\t\t<i aria-hidden=\"true\" class=\"eicon-chevron-right\"><\/i>\t\t\t\t\t\t\t<span class=\"elementor-screen-only\">Suivant<\/span>\n\t\t\t\t\t\t<\/div>\n\t\t\t\t\t\t\t\t\t\t\t\t<\/div>\n\t\t<\/div>\n\t\t\t\t<\/div>\n\t\t\t\t<\/div>\n\t\t\t\t<div class=\"elementor-element elementor-element-bcf765b elementor-skin-carousel elementor-arrows-yes elementor-widget elementor-widget-media-carousel\" data-id=\"bcf765b\" data-element_type=\"widget\" data-settings=\"{&quot;slides_per_view&quot;:&quot;2&quot;,&quot;slides_to_scroll&quot;:&quot;1&quot;,&quot;space_between&quot;:{&quot;unit&quot;:&quot;px&quot;,&quot;size&quot;:15,&quot;sizes&quot;:[]},&quot;skin&quot;:&quot;carousel&quot;,&quot;effect&quot;:&quot;slide&quot;,&quot;show_arrows&quot;:&quot;yes&quot;,&quot;speed&quot;:500,&quot;autoplay&quot;:&quot;yes&quot;,&quot;autoplay_speed&quot;:5000,&quot;loop&quot;:&quot;yes&quot;,&quot;pause_on_hover&quot;:&quot;yes&quot;,&quot;pause_on_interaction&quot;:&quot;yes&quot;,&quot;space_between_tablet&quot;:{&quot;unit&quot;:&quot;px&quot;,&quot;size&quot;:10,&quot;sizes&quot;:[]},&quot;space_between_mobile&quot;:{&quot;unit&quot;:&quot;px&quot;,&quot;size&quot;:10,&quot;sizes&quot;:[]}}\" data-widget_type=\"media-carousel.default\">\n\t\t\t\t<div class=\"elementor-widget-container\">\n\t\t\t\t\t<div class=\"elementor-swiper\">\n\t\t\t<div class=\"elementor-main-swiper swiper\">\n\t\t\t\t<div class=\"swiper-wrapper\">\n\t\t\t\t\t\t\t\t\t\t\t<div class=\"swiper-slide\">\n\t\t\t\t\t\t\t<a href=\"https:\/\/darzelda.net\/fr\/room-suites\/designer-apartment\/\">\t\t<div class=\"elementor-carousel-image\" role=\"img\" aria-label=\"Designer Apartment\" style=\"background-image: url(&#039;https:\/\/darzelda.net\/wp-content\/uploads\/2023\/05\/1_3W7A8232.webp&#039;)\">\n\n\t\t\t\n\t\t\t\t\t<\/div>\n\t\t\t\t\t<div class=\"elementor-carousel-image-overlay e-overlay-animation-slide-up\">\n\t\t\t\tDesigner Apartment\t\t\t<\/div>\n\t\t\t<\/a>\t\t\t\t\t\t<\/div>\n\t\t\t\t\t\t\t\t\t\t\t<div class=\"swiper-slide\">\n\t\t\t\t\t\t\t<a href=\"https:\/\/darzelda.net\/fr\/room-suites\/loft-suite\/\">\t\t<div class=\"elementor-carousel-image\" role=\"img\" aria-label=\"Loft Suite\" style=\"background-image: url(&#039;https:\/\/darzelda.net\/wp-content\/uploads\/2023\/06\/1_3W7A8204.webp&#039;)\">\n\n\t\t\t\n\t\t\t\t\t<\/div>\n\t\t\t\t\t<div class=\"elementor-carousel-image-overlay e-overlay-animation-slide-up\">\n\t\t\t\tLoft Suite\t\t\t<\/div>\n\t\t\t<\/a>\t\t\t\t\t\t<\/div>\n\t\t\t\t\t\t\t\t\t\t\t<div class=\"swiper-slide\">\n\t\t\t\t\t\t\t<a href=\"https:\/\/darzelda.net\/fr\/room-suites\/carbone-deluxe\/\">\t\t<div class=\"elementor-carousel-image\" role=\"img\" aria-label=\"Carbone Deluxe\" style=\"background-image: url(&#039;https:\/\/darzelda.net\/wp-content\/uploads\/2023\/05\/1_3W7A8190.webp&#039;)\">\n\n\t\t\t\n\t\t\t\t\t<\/div>\n\t\t\t\t\t<div class=\"elementor-carousel-image-overlay e-overlay-animation-slide-up\">\n\t\t\t\tCarbone Deluxe\t\t\t<\/div>\n\t\t\t<\/a>\t\t\t\t\t\t<\/div>\n\t\t\t\t\t\t\t\t\t\t\t<div class=\"swiper-slide\">\n\t\t\t\t\t\t\t<a href=\"https:\/\/darzelda.net\/fr\/room-suites\/africaine-superior\/\">\t\t<div class=\"elementor-carousel-image\" role=\"img\" aria-label=\"Africaine Superior\" style=\"background-image: url(&#039;https:\/\/darzelda.net\/wp-content\/uploads\/2023\/05\/1_3W7A8160.webp&#039;)\">\n\n\t\t\t\n\t\t\t\t\t<\/div>\n\t\t\t\t\t<div class=\"elementor-carousel-image-overlay e-overlay-animation-slide-up\">\n\t\t\t\tAfricaine Superior\t\t\t<\/div>\n\t\t\t<\/a>\t\t\t\t\t\t<\/div>\n\t\t\t\t\t\t\t\t\t\t\t<div class=\"swiper-slide\">\n\t\t\t\t\t\t\t<a href=\"https:\/\/darzelda.net\/fr\/room-suites\/vegetale-standard\/\">\t\t<div class=\"elementor-carousel-image\" role=\"img\" aria-label=\"Vegetale Standard\" style=\"background-image: url(&#039;https:\/\/darzelda.net\/wp-content\/uploads\/2023\/06\/1_3W7A8325.webp&#039;)\">\n\n\t\t\t\n\t\t\t\t\t<\/div>\n\t\t\t\t\t<div class=\"elementor-carousel-image-overlay e-overlay-animation-slide-up\">\n\t\t\t\tVegetale Standard\t\t\t<\/div>\n\t\t\t<\/a>\t\t\t\t\t\t<\/div>\n\t\t\t\t\t\t\t\t\t<\/div>\n\t\t\t\t\t\t\t\t\t\t\t\t\t\t\t\t\t\t\t\t<div class=\"elementor-swiper-button elementor-swiper-button-prev\" role=\"button\" tabindex=\"0\">\n\t\t\t\t\t\t\t<i aria-hidden=\"true\" class=\"eicon-chevron-left\"><\/i>\t\t\t\t\t\t\t<span class=\"elementor-screen-only\">Pr\u00e9c\u00e9dent<\/span>\n\t\t\t\t\t\t<\/div>\n\t\t\t\t\t\t<div class=\"elementor-swiper-button elementor-swiper-button-next\" role=\"button\" tabindex=\"0\">\n\t\t\t\t\t\t\t<i aria-hidden=\"true\" class=\"eicon-chevron-right\"><\/i>\t\t\t\t\t\t\t<span class=\"elementor-screen-only\">Suivant<\/span>\n\t\t\t\t\t\t<\/div>\n\t\t\t\t\t\t\t\t\t\t\t\t<\/div>\n\t\t<\/div>\n\t\t\t\t<\/div>\n\t\t\t\t<\/div>\n\t\t\t\t<div class=\"elementor-element elementor-element-94bd612 elementor-widget elementor-widget-spacer\" data-id=\"94bd612\" data-element_type=\"widget\" data-widget_type=\"spacer.default\">\n\t\t\t\t<div class=\"elementor-widget-container\">\n\t\t\t\t\t<div class=\"elementor-spacer\">\n\t\t\t<div class=\"elementor-spacer-inner\"><\/div>\n\t\t<\/div>\n\t\t\t\t<\/div>\n\t\t\t\t<\/div>\n\t\t\t\t<div class=\"elementor-element elementor-element-346d22ee elementor-widget elementor-widget-spacer\" data-id=\"346d22ee\" data-element_type=\"widget\" data-widget_type=\"spacer.default\">\n\t\t\t\t<div class=\"elementor-widget-container\">\n\t\t\t\t\t<div class=\"elementor-spacer\">\n\t\t\t<div class=\"elementor-spacer-inner\"><\/div>\n\t\t<\/div>\n\t\t\t\t<\/div>\n\t\t\t\t<\/div>\n\t\t\t\t\t<\/div>\n\t\t<\/div>\n\t\t\t\t<div class=\"elementor-column elementor-col-50 elementor-top-column elementor-element elementor-element-24cdca20\" data-id=\"24cdca20\" data-element_type=\"column\">\n\t\t\t<div class=\"elementor-widget-wrap elementor-element-populated\">\n\t\t\t\t\t\t<div class=\"elementor-element elementor-element-3d9b1d8 elementor-hidden-desktop elementor-skin-carousel elementor-arrows-yes elementor-widget elementor-widget-media-carousel\" data-id=\"3d9b1d8\" data-element_type=\"widget\" data-settings=\"{&quot;slides_per_view&quot;:&quot;4&quot;,&quot;slides_to_scroll&quot;:&quot;1&quot;,&quot;skin&quot;:&quot;carousel&quot;,&quot;effect&quot;:&quot;slide&quot;,&quot;show_arrows&quot;:&quot;yes&quot;,&quot;speed&quot;:500,&quot;autoplay&quot;:&quot;yes&quot;,&quot;autoplay_speed&quot;:5000,&quot;loop&quot;:&quot;yes&quot;,&quot;pause_on_hover&quot;:&quot;yes&quot;,&quot;pause_on_interaction&quot;:&quot;yes&quot;,&quot;space_between&quot;:{&quot;unit&quot;:&quot;px&quot;,&quot;size&quot;:10,&quot;sizes&quot;:[]},&quot;space_between_tablet&quot;:{&quot;unit&quot;:&quot;px&quot;,&quot;size&quot;:10,&quot;sizes&quot;:[]},&quot;space_between_mobile&quot;:{&quot;unit&quot;:&quot;px&quot;,&quot;size&quot;:10,&quot;sizes&quot;:[]}}\" data-widget_type=\"media-carousel.default\">\n\t\t\t\t<div class=\"elementor-widget-container\">\n\t\t\t\t\t<div class=\"elementor-swiper\">\n\t\t\t<div class=\"elementor-main-swiper swiper\">\n\t\t\t\t<div class=\"swiper-wrapper\">\n\t\t\t\t\t\t\t\t\t\t\t<div class=\"swiper-slide\">\n\t\t\t\t\t\t\t<a href=\"https:\/\/darzelda.net\/fr\/room-suites\/douiria-king-suite\/\">\t\t<div class=\"elementor-carousel-image\" role=\"img\" aria-label=\"Douiria King Suite\" style=\"background-image: url(&#039;https:\/\/darzelda.net\/wp-content\/uploads\/2023\/05\/1_3W7A8265.webp&#039;)\">\n\n\t\t\t\n\t\t\t\t\t<\/div>\n\t\t\t\t\t<div class=\"elementor-carousel-image-overlay e-overlay-animation-slide-up\">\n\t\t\t\tDouiria King Suite\t\t\t<\/div>\n\t\t\t<\/a>\t\t\t\t\t\t<\/div>\n\t\t\t\t\t\t\t\t\t\t\t<div class=\"swiper-slide\">\n\t\t\t\t\t\t\t<a href=\"https:\/\/darzelda.net\/fr\/room-suites\/kenzia-suite\/\">\t\t<div class=\"elementor-carousel-image\" role=\"img\" aria-label=\"Kenzia Suite\" style=\"background-image: url(&#039;https:\/\/darzelda.net\/wp-content\/uploads\/2023\/05\/1_3W7A8338.webp&#039;)\">\n\n\t\t\t\n\t\t\t\t\t<\/div>\n\t\t\t\t\t<div class=\"elementor-carousel-image-overlay e-overlay-animation-slide-up\">\n\t\t\t\tKenzia Suite\t\t\t<\/div>\n\t\t\t<\/a>\t\t\t\t\t\t<\/div>\n\t\t\t\t\t\t\t\t\t\t\t<div class=\"swiper-slide\">\n\t\t\t\t\t\t\t<a href=\"https:\/\/darzelda.net\/fr\/room-suites\/tataoui-suite\/\">\t\t<div class=\"elementor-carousel-image\" role=\"img\" aria-label=\"Tataoui Suite\" style=\"background-image: url(&#039;https:\/\/darzelda.net\/wp-content\/uploads\/2023\/05\/1_3W7A8297.webp&#039;)\">\n\n\t\t\t\n\t\t\t\t\t<\/div>\n\t\t\t\t\t<div class=\"elementor-carousel-image-overlay e-overlay-animation-slide-up\">\n\t\t\t\tTataoui Suite\t\t\t<\/div>\n\t\t\t<\/a>\t\t\t\t\t\t<\/div>\n\t\t\t\t\t\t\t\t\t\t\t<div class=\"swiper-slide\">\n\t\t\t\t\t\t\t<a href=\"https:\/\/darzelda.net\/fr\/room-suites\/patio-suite\/\">\t\t<div class=\"elementor-carousel-image\" role=\"img\" aria-label=\"Patio Suite\" style=\"background-image: url(&#039;https:\/\/darzelda.net\/wp-content\/uploads\/2023\/05\/1_3W7A8311.webp&#039;)\">\n\n\t\t\t\n\t\t\t\t\t<\/div>\n\t\t\t\t\t<div class=\"elementor-carousel-image-overlay e-overlay-animation-slide-up\">\n\t\t\t\tPatio Suite\t\t\t<\/div>\n\t\t\t<\/a>\t\t\t\t\t\t<\/div>\n\t\t\t\t\t\t\t\t\t\t\t<div class=\"swiper-slide\">\n\t\t\t\t\t\t\t<a href=\"https:\/\/darzelda.net\/fr\/room-suites\/designer-apartment\/\">\t\t<div class=\"elementor-carousel-image\" role=\"img\" aria-label=\"Designer Apartment\" style=\"background-image: url(&#039;https:\/\/darzelda.net\/wp-content\/uploads\/2023\/05\/1_3W7A8232.webp&#039;)\">\n\n\t\t\t\n\t\t\t\t\t<\/div>\n\t\t\t\t\t<div class=\"elementor-carousel-image-overlay e-overlay-animation-slide-up\">\n\t\t\t\tDesigner Apartment\t\t\t<\/div>\n\t\t\t<\/a>\t\t\t\t\t\t<\/div>\n\t\t\t\t\t\t\t\t\t\t\t<div class=\"swiper-slide\">\n\t\t\t\t\t\t\t<a href=\"https:\/\/darzelda.net\/fr\/room-suites\/loft-suite\/\">\t\t<div class=\"elementor-carousel-image\" role=\"img\" aria-label=\"Loft Suite\" style=\"background-image: url(&#039;https:\/\/darzelda.net\/wp-content\/uploads\/2023\/06\/1_3W7A8204.webp&#039;)\">\n\n\t\t\t\n\t\t\t\t\t<\/div>\n\t\t\t\t\t<div class=\"elementor-carousel-image-overlay e-overlay-animation-slide-up\">\n\t\t\t\tLoft Suite\t\t\t<\/div>\n\t\t\t<\/a>\t\t\t\t\t\t<\/div>\n\t\t\t\t\t\t\t\t\t\t\t<div class=\"swiper-slide\">\n\t\t\t\t\t\t\t<a href=\"https:\/\/darzelda.net\/fr\/room-suites\/carbone-deluxe\/\">\t\t<div class=\"elementor-carousel-image\" role=\"img\" aria-label=\"Carbone Deluxe\" style=\"background-image: url(&#039;https:\/\/darzelda.net\/wp-content\/uploads\/2023\/05\/1_3W7A8190.webp&#039;)\">\n\n\t\t\t\n\t\t\t\t\t<\/div>\n\t\t\t\t\t<div class=\"elementor-carousel-image-overlay e-overlay-animation-slide-up\">\n\t\t\t\tCarbone Deluxe\t\t\t<\/div>\n\t\t\t<\/a>\t\t\t\t\t\t<\/div>\n\t\t\t\t\t\t\t\t\t\t\t<div class=\"swiper-slide\">\n\t\t\t\t\t\t\t<a href=\"https:\/\/darzelda.net\/fr\/room-suites\/africaine-superior\/\">\t\t<div class=\"elementor-carousel-image\" role=\"img\" aria-label=\"Africaine Superior\" style=\"background-image: url(&#039;https:\/\/darzelda.net\/wp-content\/uploads\/2023\/05\/1_3W7A8160.webp&#039;)\">\n\n\t\t\t\n\t\t\t\t\t<\/div>\n\t\t\t\t\t<div class=\"elementor-carousel-image-overlay e-overlay-animation-slide-up\">\n\t\t\t\tAfricaine Superior\t\t\t<\/div>\n\t\t\t<\/a>\t\t\t\t\t\t<\/div>\n\t\t\t\t\t\t\t\t\t\t\t<div class=\"swiper-slide\">\n\t\t\t\t\t\t\t<a href=\"https:\/\/darzelda.net\/fr\/room-suites\/vegetale-standard\/\">\t\t<div class=\"elementor-carousel-image\" role=\"img\" aria-label=\"Vegetale Standard\" style=\"background-image: url(&#039;https:\/\/darzelda.net\/wp-content\/uploads\/2023\/06\/1_3W7A8325.webp&#039;)\">\n\n\t\t\t\n\t\t\t\t\t<\/div>\n\t\t\t\t\t<div class=\"elementor-carousel-image-overlay e-overlay-animation-slide-up\">\n\t\t\t\tVegetale Standard\t\t\t<\/div>\n\t\t\t<\/a>\t\t\t\t\t\t<\/div>\n\t\t\t\t\t\t\t\t\t<\/div>\n\t\t\t\t\t\t\t\t\t\t\t\t\t\t\t\t\t\t\t\t<div class=\"elementor-swiper-button elementor-swiper-button-prev\" role=\"button\" tabindex=\"0\">\n\t\t\t\t\t\t\t<i aria-hidden=\"true\" class=\"eicon-chevron-left\"><\/i>\t\t\t\t\t\t\t<span class=\"elementor-screen-only\">Pr\u00e9c\u00e9dent<\/span>\n\t\t\t\t\t\t<\/div>\n\t\t\t\t\t\t<div class=\"elementor-swiper-button elementor-swiper-button-next\" role=\"button\" tabindex=\"0\">\n\t\t\t\t\t\t\t<i aria-hidden=\"true\" class=\"eicon-chevron-right\"><\/i>\t\t\t\t\t\t\t<span class=\"elementor-screen-only\">Suivant<\/span>\n\t\t\t\t\t\t<\/div>\n\t\t\t\t\t\t\t\t\t\t\t\t<\/div>\n\t\t<\/div>\n\t\t\t\t<\/div>\n\t\t\t\t<\/div>\n\t\t\t\t<section class=\"elementor-section elementor-inner-section elementor-element elementor-element-35c9eef9 elementor-section-height-min-height elementor-section-boxed elementor-section-height-default\" data-id=\"35c9eef9\" data-element_type=\"section\" data-settings=\"{&quot;background_background&quot;:&quot;classic&quot;}\">\n\t\t\t\t\t\t<div class=\"elementor-container elementor-column-gap-default\">\n\t\t\t\t\t<div class=\"elementor-column elementor-col-100 elementor-inner-column elementor-element elementor-element-39df200a\" data-id=\"39df200a\" data-element_type=\"column\">\n\t\t\t<div class=\"elementor-widget-wrap elementor-element-populated\">\n\t\t\t\t\t\t<div class=\"elementor-element elementor-element-5d7d8f63 elementor-widget elementor-widget-heading\" data-id=\"5d7d8f63\" data-element_type=\"widget\" data-widget_type=\"heading.default\">\n\t\t\t\t<div class=\"elementor-widget-container\">\n\t\t\t<h2 class=\"elementor-heading-title elementor-size-default\">V\u00e9rifier la disponibilit\u00e9\n<\/h2>\t\t<\/div>\n\t\t\t\t<\/div>\n\t\t\t\t<div class=\"elementor-element elementor-element-30342075 elementor-widget elementor-widget-html\" data-id=\"30342075\" data-element_type=\"widget\" data-widget_type=\"html.default\">\n\t\t\t\t<div class=\"elementor-widget-container\">\n\t\t\t\n<style>.form-col:not(:first-child){\n width: 100%;\n margin-top: 7%;\n}\n\n.bookingForm input{\n    width: 100%;\n    height: 55px;\n    background: transparent;\n    border: 1px solid #8F8E8B;\n    border-radius: 0px;\n    color: #8F8E8B;\n    font-weight: 300;\n    padding: 0 5px;\n}\n\n#book-btn{\n    width: 100%;\n    height: 55px;\n    border: 1px solid #85714D;\n    background: transparent;\n    color: #85714D;\n    font-weight: 500;\n    text-transform: uppercase;\n    font-size: 12px;\n    letter-spacing: 1px;\n    border-radius: 0px;\n}\n\n#book-btn:hover{\n    background: #85714D;\n    border-color: #85714D;\n    color: #fff;\n}\n\n.bookingForm label{\n    font-size: 12px;\n    text-transform: uppercase;\n    letter-spacing: 2px;\n}\n\n\n<\/style><div class=\"bookingForm\"><div class=\"form-row\"><div class=\"form-col\"><label>Check-In<br><input type=\"date\" id=\"start-date\" name=\"start-date\"><\/label><\/div><div class=\"form-col\"><label>Check-Out<br><input type=\"date\" id=\"end-date\" name=\"end-date\"><\/label><\/div><div class=\"form-col\"><label>Promo Code<input type=\"text\" placeholder=\"Enter your code\" id=\"promo-code\" name=\"promo-code\"><\/label><\/div><div class=\"form-col\"><button type=\"button\" id=\"book-btn\">Book Now  \u2192<\/button><\/div><\/div><\/div>\t\t<\/div>\n\t\t\t\t<\/div>\n\t\t\t\t\t<\/div>\n\t\t<\/div>\n\t\t\t\t\t<\/div>\n\t\t<\/section>\n\t\t\t\t<div class=\"elementor-element elementor-element-577ae89b elementor-widget elementor-widget-icon-box\" data-id=\"577ae89b\" data-element_type=\"widget\" data-widget_type=\"icon-box.default\">\n\t\t\t\t<div class=\"elementor-widget-container\">\n\t\t\t\t\t<div class=\"elementor-icon-box-wrapper\">\n\t\t\t\t\t\t<div class=\"elementor-icon-box-content\">\n\t\t\t\t<h3 class=\"elementor-icon-box-title\">\n\t\t\t\t\t<span  >\n\t\t\t\t\t\t Gardez un \u0153il sur nos offres !\t\t\t\t\t<\/span>\n\t\t\t\t<\/h3>\n\t\t\t\t\t\t\t\t\t<p class=\"elementor-icon-box-description\">\n\t\t\t\t\t\tN'oubliez pas que nous offrons toujours les meilleures conditions de r\u00e9servation si vous r\u00e9servez directement.\n<br>\nSoyez attentif aux offres et aux promotions qui apparaissent sur notre moteur de r\u00e9servation. \t\t\t\t\t<\/p>\n\t\t\t\t\t\t\t<\/div>\n\t\t<\/div>\n\t\t\t\t<\/div>\n\t\t\t\t<\/div>\n\t\t\t\t\t<\/div>\n\t\t<\/div>\n\t\t\t\t\t<\/div>\n\t\t<\/section>\n\t\t\t\t<section class=\"elementor-section elementor-top-section elementor-element elementor-element-33dfbf0c elementor-section-full_width elementor-section-height-min-height elementor-section-height-default elementor-section-items-middle\" data-id=\"33dfbf0c\" data-element_type=\"section\" data-settings=\"{&quot;background_background&quot;:&quot;classic&quot;}\">\n\t\t\t\t\t\t\t<div class=\"elementor-background-overlay\"><\/div>\n\t\t\t\t\t\t\t<div class=\"elementor-container elementor-column-gap-default\">\n\t\t\t\t\t<div class=\"elementor-column elementor-col-100 elementor-top-column elementor-element elementor-element-67d3c454\" data-id=\"67d3c454\" data-element_type=\"column\">\n\t\t\t<div class=\"elementor-widget-wrap elementor-element-populated\">\n\t\t\t\t\t\t<div class=\"elementor-element elementor-element-66414208 elementor-widget elementor-widget-heading\" data-id=\"66414208\" data-element_type=\"widget\" data-widget_type=\"heading.default\">\n\t\t\t\t<div class=\"elementor-widget-container\">\n\t\t\t<h2 class=\"elementor-heading-title elementor-size-default\">Commencez votre voyage <\/h2>\t\t<\/div>\n\t\t\t\t<\/div>\n\t\t\t\t<div class=\"elementor-element elementor-element-724fb91 elementor-widget elementor-widget-heading\" data-id=\"724fb91\" data-element_type=\"widget\" data-widget_type=\"heading.default\">\n\t\t\t\t<div class=\"elementor-widget-container\">\n\t\t\t<h2 class=\"elementor-heading-title elementor-size-default\">R\u00e9servez votre s\u00e9jour avec nous directement avec les meilleurs tarifs disponibles\n<\/h2>\t\t<\/div>\n\t\t\t\t<\/div>\n\t\t\t\t<div class=\"elementor-element elementor-element-3fbedd elementor-align-center open-searchbox-01 elementor-widget elementor-widget-button\" data-id=\"3fbedd\" data-element_type=\"widget\" data-widget_type=\"button.default\">\n\t\t\t\t<div class=\"elementor-widget-container\">\n\t\t\t\t\t<div class=\"elementor-button-wrapper\">\n\t\t\t<a class=\"elementor-button elementor-button-link elementor-size-md\" href=\"#\">\n\t\t\t\t\t\t<span class=\"elementor-button-content-wrapper\">\n\t\t\t\t\t\t<span class=\"elementor-button-text\">RESERVER EN LIGNE<\/span>\n\t\t<\/span>\n\t\t\t\t\t<\/a>\n\t\t<\/div>\n\t\t\t\t<\/div>\n\t\t\t\t<\/div>\n\t\t\t\t\t<\/div>\n\t\t<\/div>\n\t\t\t\t\t<\/div>\n\t\t<\/section>\n\t\t\t\t<\/div>\n\t\t","protected":false},"excerpt":{"rendered":"<p>Pour un sommeil r\u00e9parateur DECOUVREZ NOS CHAMBRES &amp; SUITES Le Riad Dar Zelda est fier de pr\u00e9senter une gamme de neuf chambres et suites, chacune dot\u00e9e d\u2019un caract\u00e8re et d\u2019un style particuliers, et offrant toutes des vues sur le charmant patio principal du Riad. En choisissant la cat\u00e9gorie de chambre qui correspond le mieux \u00e0 &#8230; <a title=\"Chambres &amp; Suites\" class=\"read-more\" href=\"https:\/\/darzelda.net\/fr\/room-suites\/\" aria-label=\"En savoir plus sur Chambres &amp; Suites\">Lire la suite<\/a><\/p>\n","protected":false},"author":2,"featured_media":0,"parent":0,"menu_order":0,"comment_status":"closed","ping_status":"closed","template":"elementor_header_footer","meta":{"footnotes":""},"class_list":["post-1639","page","type-page","status-publish"],"_links":{"self":[{"href":"https:\/\/darzelda.net\/fr\/wp-json\/wp\/v2\/pages\/1639","targetHints":{"allow":["GET"]}}],"collection":[{"href":"https:\/\/darzelda.net\/fr\/wp-json\/wp\/v2\/pages"}],"about":[{"href":"https:\/\/darzelda.net\/fr\/wp-json\/wp\/v2\/types\/page"}],"author":[{"embeddable":true,"href":"https:\/\/darzelda.net\/fr\/wp-json\/wp\/v2\/users\/2"}],"replies":[{"embeddable":true,"href":"https:\/\/darzelda.net\/fr\/wp-json\/wp\/v2\/comments?post=1639"}],"version-history":[{"count":18,"href":"https:\/\/darzelda.net\/fr\/wp-json\/wp\/v2\/pages\/1639\/revisions"}],"predecessor-version":[{"id":1906,"href":"https:\/\/darzelda.net\/fr\/wp-json\/wp\/v2\/pages\/1639\/revisions\/1906"}],"wp:attachment":[{"href":"https:\/\/darzelda.net\/fr\/wp-json\/wp\/v2\/media?parent=1639"}],"curies":[{"name":"wp","href":"https:\/\/api.w.org\/{rel}","templated":true}]}}